{"id":834,"date":"2020-09-25T14:51:35","date_gmt":"2020-09-25T12:51:35","guid":{"rendered":"https:\/\/www.imsec-swiss.ch\/?page_id=834"},"modified":"2021-12-16T17:03:12","modified_gmt":"2021-12-16T16:03:12","slug":"cyberlock-cyberaccess","status":"publish","type":"page","link":"https:\/\/www.imsec-swiss.ch\/?page_id=834","title":{"rendered":"CYBERLOCK &#8211; CYBERACCESS"},"content":{"rendered":"<div data-colibri-id=\"834-c1\" class=\"style-532 style-local-834-c1 position-relative\">\n  <!---->\n  <div data-colibri-component=\"section\" data-colibri-id=\"834-c2\" id=\"custom\" class=\"h-section h-section-global-spacing d-flex align-items-lg-start align-items-md-start align-items-start style-533 style-local-834-c2 position-relative\">\n    <!---->\n    <!---->\n    <div class=\"h-section-grid-container h-section-boxed-container\">\n      <!---->\n      <div data-colibri-id=\"834-c3\" class=\"h-row-container gutters-row-lg-2 gutters-row-md-2 gutters-row-0 gutters-row-v-lg-2 gutters-row-v-md-2 gutters-row-v-2 style-534 style-local-834-c3 position-relative\">\n        <!---->\n        <div class=\"h-row justify-content-lg-center justify-content-md-center justify-content-center align-items-lg-stretch align-items-md-stretch align-items-stretch gutters-col-lg-2 gutters-col-md-2 gutters-col-0 gutters-col-v-lg-2 gutters-col-v-md-2 gutters-col-v-2\">\n          <!---->\n          <div class=\"h-column h-column-container d-flex h-col-lg-auto h-col-md-auto h-col-auto style-535-outer style-local-834-c4-outer\">\n            <div data-colibri-id=\"834-c4\" class=\"d-flex h-flex-basis h-column__inner h-px-lg-2 h-px-md-2 h-px-2 v-inner-lg-2 v-inner-md-2 v-inner-2 style-535 style-local-834-c4 position-relative\">\n              <!---->\n              <!---->\n              <div class=\"w-100 h-y-container h-column__content h-column__v-align flex-basis-100 align-self-lg-start align-self-md-start align-self-start\">\n                <!---->\n                <div data-colibri-id=\"834-c5\" class=\"h-global-transition-all h-heading style-545 style-local-834-c5 position-relative h-element\">\n                  <!---->\n                  <div class=\"h-heading__outer style-545 style-local-834-c5\">\n                    <!---->\n                    <!---->\n                    <h1 class=\"\">&nbsp; &nbsp; &nbsp;CYBERLOCK &#8211; CYBERACCESS<\/h1>\n                  <\/div>\n                <\/div>\n              <\/div>\n            <\/div>\n          <\/div>\n        <\/div>\n      <\/div>\n    <\/div>\n  <\/div>\n  <div data-colibri-component=\"section\" data-colibri-id=\"834-c10\" id=\"custom-2\" class=\"h-section h-section-global-spacing d-flex align-items-lg-center align-items-md-center align-items-center style-750 style-local-834-c10 position-relative\">\n    <!---->\n    <!---->\n    <div class=\"h-section-grid-container h-section-fluid-container\">\n      <!---->\n      <div data-colibri-id=\"834-c11\" class=\"h-row-container gutters-row-lg-1 gutters-row-md-1 gutters-row-0 gutters-row-v-lg-1 gutters-row-v-md-1 gutters-row-v-1 style-751 style-local-834-c11 position-relative\">\n        <!---->\n        <div class=\"h-row justify-content-lg-center justify-content-md-center justify-content-center align-items-lg-center align-items-md-center align-items-center gutters-col-lg-1 gutters-col-md-1 gutters-col-0 gutters-col-v-lg-1 gutters-col-v-md-1 gutters-col-v-1\">\n          <!---->\n          <div class=\"h-column h-column-container d-flex h-col-lg-6 h-col-md-6 h-col-12 align-self-lg-center align-self-md-center align-self-center style-752-outer style-local-834-c12-outer\">\n            <div data-colibri-id=\"834-c12\" class=\"d-flex h-flex-basis h-column__inner h-px-lg-1 h-px-md-1 h-px-1 v-inner-lg-1 v-inner-md-1 v-inner-1 style-752 style-local-834-c12 position-relative\">\n              <!---->\n              <!---->\n              <div class=\"w-100 h-y-container h-column__content h-column__v-align flex-basis-100 align-self-lg-start align-self-md-start align-self-start\">\n                <!---->\n                <div data-colibri-id=\"834-c13\" class=\"h-global-transition-all h-heading style-962 style-local-834-c13 position-relative h-element\">\n                  <!---->\n                  <div class=\"h-heading__outer style-962 style-local-834-c13\">\n                    <!---->\n                    <!---->\n                    <h4 class=\"\">CYBERACCESS&nbsp;&#8211;&nbsp;une technologie d\u00e9di\u00e9e \u00e0 la gestion des acc\u00e8s, traitement en temps r\u00e9el des transactions &#8211; SANS CABLAGE &#8211;&nbsp;entre les&nbsp;Cyberserrures, Cybercylindres, Cybercadenas, Cybercontacteurs, etc., un serveur et\n                      le programme Enterprise.<\/h4>\n                  <\/div>\n                <\/div>\n                <div data-colibri-id=\"834-c15\" class=\"d-block style-1027 style-local-834-c15 position-relative h-element\">\n                  <!---->\n                  <div class=\"h-image__frame-container-outer\">\n                    <div class=\"h-image__frame-container\">\n                      <!---->\n                      <!---->\n                      <img decoding=\"async\" src=\"https:\/\/www.imsec-swiss.ch\/wp-content\/uploads\/2020\/11\/cropped-cyberlocks-et-autre-4.jpg\" class=\"wp-image-3372 style-1027-image style-local-834-c15-image\" alt=\"\" \/>\n                      <div class=\"h-image__frame h-hide-lg h-hide-md h-hide-sm style-1027-frameImage style-local-834-c15-frameImage\"><\/div>\n                    <\/div>\n                  <\/div>\n                <\/div>\n                <div data-colibri-id=\"834-c16\" class=\"h-global-transition-all h-heading style-1028 style-local-834-c16 position-relative h-element\">\n                  <!---->\n                  <div class=\"h-heading__outer style-1028 style-local-834-c16\">\n                    <!---->\n                    <!---->\n                    <h5 class=\"\">Le fonctionnement repose sur la Cybercl\u00e9 dans laquelle sont concentr\u00e9s l&rsquo;intelligence et l&rsquo;apport d&rsquo;\u00e9nergie.&nbsp;<\/h5>\n                  <\/div>\n                <\/div>\n                <div data-colibri-id=\"834-c17\" class=\"h-global-transition-all h-heading style-1030 style-local-834-c17 position-relative h-element\">\n                  <!---->\n                  <div class=\"h-heading__outer style-1030 style-local-834-c17\">\n                    <!---->\n                    <!---->\n                    <h5 class=\"\">De base l&rsquo;utilisation et les fonctionnalit\u00e9s correspondent absolument \u00e0 une cl\u00e9 m\u00e9canique ou m\u00e9catronique.&nbsp;\n                      <br>D\u2019usine, toutes les cybercl\u00e9s, cybercylindres poss\u00e8dent une identit\u00e9 num\u00e9rique unique et crypt\u00e9e. Sans variure m\u00e9canique, elles ne peuvent \u00eatre ni dupliqu\u00e9es, ni crochet\u00e9es.<\/h5>\n                  <\/div>\n                <\/div>\n                <div data-colibri-id=\"834-c18\" class=\"d-block style-1035 style-local-834-c18 position-relative h-element\">\n                  <!---->\n                  <div class=\"h-image__frame-container-outer\">\n                    <div class=\"h-image__frame-container\">\n                      <!---->\n                      <!---->\n                      <img loading=\"lazy\" decoding=\"async\" width=\"311\" height=\"235\" src=\"https:\/\/www.imsec-swiss.ch\/wp-content\/uploads\/2020\/11\/cropped-cyberlocks-et-autre-8.jpg\" class=\"wp-image-3383 style-1035-image style-local-834-c18-image\" alt=\"\" srcset=\"https:\/\/www.imsec-swiss.ch\/wp-content\/uploads\/2020\/11\/cropped-cyberlocks-et-autre-8.jpg 311w, https:\/\/www.imsec-swiss.ch\/wp-content\/uploads\/2020\/11\/cropped-cyberlocks-et-autre-8-300x227.jpg 300w\" sizes=\"auto, (max-width: 311px) 100vw, 311px\" \/>\n                      <div class=\"h-image__frame h-hide-lg h-hide-md h-hide-sm style-1035-frameImage style-local-834-c18-frameImage\"><\/div>\n                    <\/div>\n                  <\/div>\n                <\/div>\n                <div data-colibri-id=\"834-c19\" class=\"h-global-transition-all h-heading style-1036 style-local-834-c19 position-relative h-element\">\n                  <!---->\n                  <div class=\"h-heading__outer style-1036 style-local-834-c19\">\n                    <!---->\n                    <!---->\n                    <h5 class=\"\">Diff\u00e9rents niveaux du programme Enterprise, s\u2019adaptent \u00e0 l\u2019envergure du plan de fermeture et des applications, permettant de saisir les identit\u00e9s, de combiner les acc\u00e8s et restrictions, d\u2019\u00e9laborer des modes de fonctionnement:\n                      <br>\n                      <br>&#8211; limiter la validit\u00e9 d\u2019une cl\u00e9 \u00e0 une journ\u00e9e\n                      <br>&#8211; deux cybercl\u00e9s pour le m\u00eame cybercylindre\n                      <br>&#8211; activation temporaire ou diff\u00e9r\u00e9e, etc.\n                      <br>\n                      <br>Selon le mod\u00e8le, la cybercl\u00e9 s\u2019exploite au travers des modes de communication de derni\u00e8res g\u00e9n\u00e9rations. De l\u2019infrarouge, \u00e0 Bluetooth, du Wifi, jusqu\u2019aux signaux flash lumineux, etc.<\/h5>\n                  <\/div>\n                <\/div>\n                <div data-colibri-id=\"834-c20\" class=\"d-block style-1037 style-local-834-c20 position-relative h-element\">\n                  <!---->\n                  <div class=\"h-image__frame-container-outer\">\n                    <div class=\"h-image__frame-container\">\n                      <!---->\n                      <!---->\n                      <img loading=\"lazy\" decoding=\"async\" width=\"579\" height=\"569\" src=\"https:\/\/www.imsec-swiss.ch\/wp-content\/uploads\/2020\/11\/cropped-Cyberkeys.jpg\" class=\"wp-image-3385 style-1037-image style-local-834-c20-image\" alt=\"\" srcset=\"https:\/\/www.imsec-swiss.ch\/wp-content\/uploads\/2020\/11\/cropped-Cyberkeys.jpg 579w, https:\/\/www.imsec-swiss.ch\/wp-content\/uploads\/2020\/11\/cropped-Cyberkeys-300x295.jpg 300w\" sizes=\"auto, (max-width: 579px) 100vw, 579px\" \/>\n                      <div class=\"h-image__frame h-hide-lg h-hide-md h-hide-sm style-1037-frameImage style-local-834-c20-frameImage\"><\/div>\n                    <\/div>\n                  <\/div>\n                <\/div>\n                <div data-colibri-id=\"834-c21\" class=\"h-global-transition-all h-heading style-1038 style-local-834-c21 position-relative h-element\">\n                  <!---->\n                  <div class=\"h-heading__outer style-1038 style-local-834-c21\">\n                    <!---->\n                    <!---->\n                    <h5 class=\"\">La puissance de gestion d\u00e9pend bien \u00e9videmment de celle du programme Enterprise, tr\u00e8s performant et convivial, install\u00e9 sur un serveur d\u00e9di\u00e9, h\u00e9berg\u00e9 sur site ou \u00e0 distance.\n                      <br>\n                      <br>Pour synchroniser une CYBERCLE, plusieurs options sont offertes selon le concept et le mode de travail de l\u2019utilisateur, des sites, des sp\u00e9cificit\u00e9s et des contraintes d\u2019exploitation.\n                      <br>\n                      <br>La cybercl\u00e9 se pilote par contact avec des terminaux reli\u00e9s \u00e0 un serveur;\n                      <br>\n                      <br>&#8211; station USB\n                      <br>&#8211; claviers\n                      <br>&#8211; des armoires de d\u00e9p\u00f4ts, KeyVault de 2 \u00e0 20 cybercl\u00e9s , servant au stockage, \u00e0 la charge&nbsp; &nbsp; &nbsp;et aux mises \u00e0 jour\n                      <br>&#8211; un smartphone, assurant autonomie et flexibilit\u00e9 totale dans les d\u00e9placements avec&nbsp; &nbsp; &nbsp; &nbsp; &nbsp; &nbsp; &nbsp;pour seule limite les r\u00e9seaux, priv\u00e9 ou public.\n                      <br>\n                      <br>Une cybercl\u00e9 peut ainsi \u00eatre valid\u00e9e, programm\u00e9e, neutralis\u00e9e, activ\u00e9e \u00e0 distance dans le cadre d\u2019un b\u00e2timent, d\u2019un site industriel ou commercial, un centre d\u2019expositions et congr\u00e8s, stade, a\u00e9roport, ainsi que dans le terrain, via\n                      un smartphone ou l\u2019un des r\u00e9seaux couvrant le site et enregistr\u00e9.\n                      <br>\n                      <br>Elle re\u00e7oit par ce biais en tout temps et lieu, des instructions, nouvelles restrictions ou autorisations de passage, li\u00e9s \u00e0 sa base de donn\u00e9es. A chaque connexion, elle renvoie \u00e9galement l\u2019historique de toutes ses transactions,\n                      selon une planification des synchronisations p\u00e9riodiques automatis\u00e9es ou selon les n\u00e9cessit\u00e9s d\u2019utilisation pour synth\u00e8se et rapports.\n                      <br>\n                    <\/h5>\n                  <\/div>\n                <\/div>\n                <div data-colibri-id=\"834-c22\" class=\"d-block style-1039 style-local-834-c22 position-relative h-element\">\n                  <!---->\n                  <div class=\"h-image__frame-container-outer\">\n                    <a href=\"https:\/\/www.cyberlock-tga.ch\/33-2\/\" h-use-smooth-scroll=\"true\" class=\"image-link\">\n                      <div class=\"h-image__frame-container\">\n                        <!---->\n                        <!---->\n                        <img loading=\"lazy\" decoding=\"async\" width=\"927\" height=\"385\" src=\"https:\/\/www.imsec-swiss.ch\/wp-content\/uploads\/2020\/11\/cropped-KeyVault-20-pour-site.jpg\" class=\"wp-image-3408 style-1039-image style-local-834-c22-image\" alt=\"\" srcset=\"https:\/\/www.imsec-swiss.ch\/wp-content\/uploads\/2020\/11\/cropped-KeyVault-20-pour-site.jpg 927w, https:\/\/www.imsec-swiss.ch\/wp-content\/uploads\/2020\/11\/cropped-KeyVault-20-pour-site-300x125.jpg 300w, https:\/\/www.imsec-swiss.ch\/wp-content\/uploads\/2020\/11\/cropped-KeyVault-20-pour-site-768x319.jpg 768w\" sizes=\"auto, (max-width: 927px) 100vw, 927px\" \/>\n                        <div class=\"h-image__frame h-hide-lg h-hide-md h-hide-sm style-1039-frameImage style-local-834-c22-frameImage\"><\/div>\n                      <\/div>\n                    <\/a>\n                  <\/div>\n                <\/div>\n                <div data-colibri-id=\"834-c23\" class=\"h-global-transition-all h-heading style-967 style-local-834-c23 position-relative h-element\">\n                  <!---->\n                  <div class=\"h-heading__outer style-967 style-local-834-c23\">\n                    <!---->\n                    <!---->\n                    <h5 class=\"\">Toutes les Cybercl\u00e9s, r\u00e9pondent \u00e0 de multiples applications ou haute s\u00e9curit\u00e9, contr\u00f4le, rigueur, souplesse de programmation et mobilit\u00e9 sont des crit\u00e8res essentiels.\n                      <br>C\u2019est l\u2019outil indispensable pour les soci\u00e9t\u00e9s devant donner des acc\u00e8s contr\u00f4l\u00e9s \u00e0 des collaborateurs mobiles ou sur des sites \u00e9loign\u00e9s, pour des interventions sous alarme, des r\u00e9parations, sur des chantiers, manifestations, foires,\n                      stations hydrauliques, r\u00e9seaux t\u00e9l\u00e9phoniques, remont\u00e9es m\u00e9caniques, distributeurs automatiques de toutes sortes, etc.\n                      <br>\n                      <br>Il existe plus de 300 mod\u00e8les de cybercylindres, y compris en profils 17 mm europ\u00e9en ou 22 mm suisse, ou sur mesure, directement compatible avec un mod\u00e8le sp\u00e9cifique, comme le 1031 suisse.<\/h5>\n                  <\/div>\n                <\/div>\n                <div data-colibri-id=\"834-c24\" class=\"d-block style-1355 style-local-834-c24 position-relative h-element\">\n                  <!---->\n                  <div class=\"h-image__frame-container-outer\">\n                    <div class=\"h-image__frame-container\">\n                      <!---->\n                      <!---->\n                      <img loading=\"lazy\" decoding=\"async\" width=\"629\" height=\"418\" src=\"https:\/\/www.imsec-swiss.ch\/wp-content\/uploads\/2021\/02\/cropped-Cybercylindres-fond-bleu.jpg\" class=\"wp-image-4912 style-1355-image style-local-834-c24-image\" alt=\"\" srcset=\"https:\/\/www.imsec-swiss.ch\/wp-content\/uploads\/2021\/02\/cropped-Cybercylindres-fond-bleu.jpg 629w, https:\/\/www.imsec-swiss.ch\/wp-content\/uploads\/2021\/02\/cropped-Cybercylindres-fond-bleu-300x199.jpg 300w\" sizes=\"auto, (max-width: 629px) 100vw, 629px\" \/>\n                      <div class=\"h-image__frame h-hide-lg h-hide-md h-hide-sm style-1355-frameImage style-local-834-c24-frameImage\"><\/div>\n                    <\/div>\n                  <\/div>\n                <\/div>\n                <div data-colibri-id=\"834-c25\" class=\"h-text h-text-component style-1356 style-local-834-c25 position-relative h-element\">\n                  <!---->\n                  <!---->\n                  <div class=\"\">\n                    <p>Pour plus renseignements n&rsquo;h\u00e9sitez pas \u00e0 nous contacter et de visiter le site:<\/p>\n                  <\/div>\n                <\/div>\n                <div data-colibri-id=\"834-c26\" class=\"h-x-container style-1000 style-local-834-c26 position-relative h-element\">\n                  <!---->\n                  <div class=\"h-x-container-inner style-dynamic-834-c26-group style-1000-spacing style-local-834-c26-spacing\"><span class=\"h-button__outer style-1001-outer style-local-834-c27-outer d-inline-flex h-element\"><a h-use-smooth-scroll=\"true\" href=\"https:\/\/www.cyberlock-tga.ch\/\" target=\"_blank\" data-colibri-id=\"834-c27\" class=\"d-flex w-100 align-items-center h-button justify-content-lg-center justify-content-md-center justify-content-center style-1001 style-local-834-c27 position-relative\" rel=\"noopener\"><!----><!----> <span>Cyberlock TGAC<\/span><\/a>\n                    <\/span>\n                  <\/div>\n                <\/div>\n                <div data-colibri-id=\"834-c28\" class=\"h-x-container style-913 style-local-834-c28 position-relative h-element\">\n                  <!---->\n                  <div class=\"h-x-container-inner style-dynamic-834-c28-group\">\n                    <!----><span class=\"h-button__outer style-914-outer style-local-834-c29-outer d-inline-flex h-element\"><a  h-use-smooth-scroll=\"true\" href=\"https:\/\/www.imsec-swiss.ch\/\"  data-colibri-id=\"834-c29\" class=\"d-flex w-100 align-items-center h-button justify-content-lg-center justify-content-md-center justify-content-center style-914 style-local-834-c29 position-relative\"><!----><!----> <span >Page d&rsquo;accueil<\/span><\/a>\n                    <\/span>\n                  <\/div>\n                <\/div>\n              <\/div>\n            <\/div>\n          <\/div>\n        <\/div>\n      <\/div>\n    <\/div>\n  <\/div>\n<\/div>","protected":false},"excerpt":{"rendered":"<p>&nbsp; &nbsp; &nbsp;CYBERLOCK &#8211; CYBERACCESS CYBERACCESS&nbsp;&#8211;&nbsp;une technologie d\u00e9di\u00e9e \u00e0 la gestion des acc\u00e8s, traitement en temps r\u00e9el des transactions &#8211; SANS CABLAGE &#8211;&nbsp;entre les&nbsp;Cyberserrures, Cybercylindres, Cybercadenas, Cybercontacteurs, etc., un serveur et le programme Enterprise. Le fonctionnement repose sur la Cybercl\u00e9 dans laquelle sont concentr\u00e9s l&rsquo;intelligence et l&rsquo;apport d&rsquo;\u00e9nergie.&nbsp; De base l&rsquo;utilisation et les fonctionnalit\u00e9s correspondent [&hellip;]<\/p>\n","protected":false},"author":2,"featured_media":0,"parent":0,"menu_order":0,"comment_status":"closed","ping_status":"closed","template":"page-templates\/full-width-page.php","meta":{"footnotes":""},"class_list":["post-834","page","type-page","status-publish","hentry"],"_links":{"self":[{"href":"https:\/\/www.imsec-swiss.ch\/index.php?rest_route=\/wp\/v2\/pages\/834","targetHints":{"allow":["GET"]}}],"collection":[{"href":"https:\/\/www.imsec-swiss.ch\/index.php?rest_route=\/wp\/v2\/pages"}],"about":[{"href":"https:\/\/www.imsec-swiss.ch\/index.php?rest_route=\/wp\/v2\/types\/page"}],"author":[{"embeddable":true,"href":"https:\/\/www.imsec-swiss.ch\/index.php?rest_route=\/wp\/v2\/users\/2"}],"replies":[{"embeddable":true,"href":"https:\/\/www.imsec-swiss.ch\/index.php?rest_route=%2Fwp%2Fv2%2Fcomments&post=834"}],"version-history":[{"count":20,"href":"https:\/\/www.imsec-swiss.ch\/index.php?rest_route=\/wp\/v2\/pages\/834\/revisions"}],"predecessor-version":[{"id":5154,"href":"https:\/\/www.imsec-swiss.ch\/index.php?rest_route=\/wp\/v2\/pages\/834\/revisions\/5154"}],"wp:attachment":[{"href":"https:\/\/www.imsec-swiss.ch\/index.php?rest_route=%2Fwp%2Fv2%2Fmedia&parent=834"}],"curies":[{"name":"wp","href":"https:\/\/api.w.org\/{rel}","templated":true}]}}