{"id":777,"date":"2020-09-25T13:04:01","date_gmt":"2020-09-25T11:04:01","guid":{"rendered":"https:\/\/www.imsec-swiss.ch\/?page_id=777"},"modified":"2020-11-25T13:12:58","modified_gmt":"2020-11-25T12:12:58","slug":"a-propos-de-nous","status":"publish","type":"page","link":"https:\/\/www.imsec-swiss.ch\/?page_id=777","title":{"rendered":"A PROPOS DE NOUS"},"content":{"rendered":"<div data-colibri-id=\"777-c1\" class=\"style-519 style-local-777-c1 position-relative\">\n  <!---->\n  <div data-colibri-component=\"section\" data-colibri-id=\"777-c2\" id=\"custom\" class=\"h-section h-section-global-spacing d-flex align-items-lg-center align-items-md-center align-items-center style-520 style-local-777-c2 position-relative\">\n    <!---->\n    <!---->\n    <div class=\"h-section-grid-container h-section-boxed-container\">\n      <!---->\n      <div data-colibri-id=\"777-c3\" class=\"h-row-container gutters-row-lg-2 gutters-row-md-2 gutters-row-0 gutters-row-v-lg-2 gutters-row-v-md-2 gutters-row-v-2 style-657 style-local-777-c3 position-relative\">\n        <!---->\n        <div class=\"h-row justify-content-lg-center justify-content-md-center justify-content-center align-items-lg-stretch align-items-md-stretch align-items-stretch gutters-col-lg-2 gutters-col-md-2 gutters-col-0 gutters-col-v-lg-2 gutters-col-v-md-2 gutters-col-v-2\">\n          <!---->\n          <div class=\"h-column h-column-container d-flex h-col-lg-auto h-col-md-auto h-col-auto style-658-outer style-local-777-c4-outer\">\n            <div data-colibri-id=\"777-c4\" class=\"d-flex h-flex-basis h-column__inner h-px-lg-2 h-px-md-2 h-px-2 v-inner-lg-2 v-inner-md-2 v-inner-2 style-658 style-local-777-c4 position-relative\">\n              <!---->\n              <!---->\n              <div class=\"w-100 h-y-container h-column__content h-column__v-align flex-basis-100 align-self-lg-start align-self-md-start align-self-start\">\n                <!---->\n                <div data-colibri-id=\"777-c5\" class=\"h-global-transition-all h-heading style-659 style-local-777-c5 position-relative h-element\">\n                  <!---->\n                  <div class=\"h-heading__outer style-659 style-local-777-c5\">\n                    <!---->\n                    <!---->\n                    <h2 class=\"\">\n                      <br>Imsec &#8211; un partenaire s\u00e9curisant\n                      <br>\n                    <\/h2>\n                  <\/div>\n                <\/div>\n                <div data-colibri-id=\"777-c6\" class=\"h-text h-text-component style-868 style-local-777-c6 position-relative h-element\">\n                  <!---->\n                  <!---->\n                  <div class=\"\">\n                    <p>Riche d&rsquo;une exp\u00e9rience de plus de 40 ans, IMSEC STRATEGIE ET SECURITE a su se d\u00e9marquer au fil des ann\u00e9es en relevant de nombreux d\u00e9fis technologiques dans la gestion des risques.<\/p>\n                    <p>Pour atteindre ses objectifs, elle d\u00e9veloppe ou recherche des solutions uniques et novatrices au b\u00e9n\u00e9fice de ses clients.&nbsp;<\/p>\n                    <p>Partenaire privil\u00e9gi\u00e9 des banques, IMSEC STRATEGIE ET SECURITE intervient \u00e9galement dans les domaines aussi vari\u00e9s que les commerces de luxe, magasins, casinos, a\u00e9roports, sites informatiques, p\u00e9troliers, chimiques et nucl\u00e9aires, centres\n                      de recherche ainsi que dans l&rsquo;industrie, l&rsquo;h\u00f4tellerie, les ambassades, organisations internationales, grandes institutions, administrations (prisons, polices, communes etc..)&nbsp;<\/p>\n                    <p><span style=\"font-size: 14pt; font-family: Aclonica, serif; color: white;\">Il est \u00e9vident que la d\u00e9ontologie m\u00eame de nos relations d&rsquo;affaires, nous oblige \u00e0 la plus grande discr\u00e9tion.&nbsp;<\/span><\/p>\n                    <p><span style=\"font-size: 16px; font-family: Aclonica; color: rgb(226, 249, 255); font-weight: 400;\">La s\u00e9curit\u00e9 est depuis toujours un \u00e9l\u00e9ment indispensable \u00e0 la s\u00e9r\u00e9nit\u00e9 de chacun.&nbsp;<\/span><\/p>\n                    <p><span style=\"font-weight: 400; font-size: 16px; font-family: Aclonica; color: rgb(226, 249, 255);\">Vols, agressions, espionnage industriel et \u00e9conomique, chantage ou terrorisme sont autant de formes d&rsquo;une criminalit\u00e9 en constante \u00e9volution.<\/span><\/p>\n                    <p><span style=\"font-weight: 400; font-size: 16px; font-family: Aclonica; color: rgb(226, 249, 255);\">Aujourd&rsquo;hui plus que jamais la s\u00e9curit\u00e9 des personnes et des biens, fait partie int\u00e9grante de toute bonne gestion d&rsquo;entreprise, garante de sa p\u00e9rennit\u00e9 et de sa valeur intrins\u00e8que.&nbsp;<\/span><\/p>\n                    <p><span style=\"font-weight: 400; font-size: 16px; font-family: Aclonica; color: rgb(226, 249, 255);\">La s\u00e9curit\u00e9 n&rsquo;est plus per\u00e7ue comme une contrainte, mais repr\u00e9sente une forte prise de conscience de la protection de ses collaborateurs.&nbsp;&nbsp;<\/span><\/p>\n                    <p><span style=\"font-weight: 400; font-size: 18.6667px; font-family: Aclonica, serif; color: rgb(255, 255, 255);\">Une gamme de produits sp\u00e9cifiques&nbsp;<\/span><\/p>\n                    <p><span style=\"font-weight: 400; font-size: 16px; font-family: Aclonica; color: rgb(226, 249, 255);\">Gr\u00e2ce \u00e0 une gamme de produits exclusifs et de haute technologie, rigoureusement s\u00e9lectionn\u00e9s et r\u00e9guli\u00e8rement test\u00e9s en laboratoire et sur le terrain, IMSEC STRATEGIE ET SECURITE est capable de r\u00e9pondre \u00e0 vos attentes de fa\u00e7on optimale.&nbsp;<\/span><\/p>\n                    <p><span style=\"font-weight: 400; font-size: 16px; font-family: Aclonica; color: rgb(226, 249, 255);\">Actifs dans toute la Suisse, nous offrons \u00e0 notre client\u00e8le ce qu&rsquo;elle peut souhaiter de plus performant en mati\u00e8re de pr\u00e9vention, conception, r\u00e9alisation et service apr\u00e8s-vente.&nbsp;<\/span><\/p>\n                    <p>Anim\u00e9 de cette passion pour la s\u00e9curit\u00e9, nous sommes en mesure de r\u00e9pondre \u00e0 vos crit\u00e8res d&rsquo;exigences les plus \u00e9lev\u00e9s.&nbsp;<\/p>\n                    <p>Prot\u00e9ger des biens et surtout des \u00eatres humains, c&rsquo;est nous impliquer personnellement dans l&rsquo;analyse de vos risques.<\/p>\n                    <p><span style=\"font-weight: 400; font-size: 18.6667px; font-family: Aclonica, serif; color: rgb(255, 255, 255);\">Pensez s\u00e9curit\u00e9, c&rsquo;est y penser AVANT&#8230;<\/span><\/p>\n                  <\/div>\n                <\/div>\n                <div data-colibri-id=\"777-c11\" class=\"h-x-container style-968 style-local-777-c11 position-relative h-element\">\n                  <!---->\n                  <div class=\"h-x-container-inner style-dynamic-777-c11-group\">\n                    <!----><span class=\"h-button__outer style-969-outer style-local-777-c12-outer d-inline-flex h-element\"><a  h-use-smooth-scroll=\"true\" href=\"https:\/\/www.imsec-swiss.ch\/\"  data-colibri-id=\"777-c12\" class=\"d-flex w-100 align-items-center h-button justify-content-lg-center justify-content-md-center justify-content-center style-969 style-local-777-c12 position-relative\"><!----><!----> <span >Page accueil<\/span><\/a>\n                    <\/span>\n                  <\/div>\n                <\/div>\n              <\/div>\n            <\/div>\n          <\/div>\n        <\/div>\n      <\/div>\n    <\/div>\n  <\/div>\n<\/div>","protected":false},"excerpt":{"rendered":"<p>Imsec &#8211; un partenaire s\u00e9curisant Riche d&rsquo;une exp\u00e9rience de plus de 40 ans, IMSEC STRATEGIE ET SECURITE a su se d\u00e9marquer au fil des ann\u00e9es en relevant de nombreux d\u00e9fis technologiques dans la gestion des risques. Pour atteindre ses objectifs, elle d\u00e9veloppe ou recherche des solutions uniques et novatrices au b\u00e9n\u00e9fice de ses clients.&nbsp; Partenaire [&hellip;]<\/p>\n","protected":false},"author":2,"featured_media":0,"parent":0,"menu_order":0,"comment_status":"closed","ping_status":"closed","template":"page-templates\/full-width-page.php","meta":{"footnotes":""},"class_list":["post-777","page","type-page","status-publish","hentry"],"_links":{"self":[{"href":"https:\/\/www.imsec-swiss.ch\/index.php?rest_route=\/wp\/v2\/pages\/777","targetHints":{"allow":["GET"]}}],"collection":[{"href":"https:\/\/www.imsec-swiss.ch\/index.php?rest_route=\/wp\/v2\/pages"}],"about":[{"href":"https:\/\/www.imsec-swiss.ch\/index.php?rest_route=\/wp\/v2\/types\/page"}],"author":[{"embeddable":true,"href":"https:\/\/www.imsec-swiss.ch\/index.php?rest_route=\/wp\/v2\/users\/2"}],"replies":[{"embeddable":true,"href":"https:\/\/www.imsec-swiss.ch\/index.php?rest_route=%2Fwp%2Fv2%2Fcomments&post=777"}],"version-history":[{"count":20,"href":"https:\/\/www.imsec-swiss.ch\/index.php?rest_route=\/wp\/v2\/pages\/777\/revisions"}],"predecessor-version":[{"id":3171,"href":"https:\/\/www.imsec-swiss.ch\/index.php?rest_route=\/wp\/v2\/pages\/777\/revisions\/3171"}],"wp:attachment":[{"href":"https:\/\/www.imsec-swiss.ch\/index.php?rest_route=%2Fwp%2Fv2%2Fmedia&parent=777"}],"curies":[{"name":"wp","href":"https:\/\/api.w.org\/{rel}","templated":true}]}}