{"id":1034,"date":"2020-09-29T14:27:32","date_gmt":"2020-09-29T12:27:32","guid":{"rendered":"https:\/\/www.imsec-swiss.ch\/?page_id=1034"},"modified":"2020-10-21T02:03:05","modified_gmt":"2020-10-21T00:03:05","slug":"evenements-nouveautes","status":"publish","type":"page","link":"https:\/\/www.imsec-swiss.ch\/?page_id=1034","title":{"rendered":"Ev\u00e9nements &#038; Nouveaut\u00e9s"},"content":{"rendered":"<div data-colibri-id=\"1034-c1\" class=\"style-568 style-local-1034-c1 position-relative\">\n  <!---->\n  <div data-colibri-component=\"section\" data-colibri-id=\"1034-c2\" id=\"custom\" class=\"h-section h-section-global-spacing d-flex align-items-lg-center align-items-md-center align-items-center style-569 style-local-1034-c2 position-relative\">\n    <!---->\n    <!---->\n    <div class=\"h-section-grid-container h-section-boxed-container\">\n      <!---->\n      <div data-colibri-id=\"1034-c3\" class=\"h-row-container gutters-row-lg-2 gutters-row-md-2 gutters-row-0 gutters-row-v-lg-2 gutters-row-v-md-2 gutters-row-v-2 style-575 style-local-1034-c3 position-relative\">\n        <!---->\n        <div class=\"h-row justify-content-lg-center justify-content-md-center justify-content-center align-items-lg-stretch align-items-md-stretch align-items-stretch gutters-col-lg-2 gutters-col-md-2 gutters-col-0 gutters-col-v-lg-2 gutters-col-v-md-2 gutters-col-v-2\">\n          <!---->\n          <div class=\"h-column h-column-container d-flex h-col-lg-auto h-col-md-auto h-col-auto style-576-outer style-local-1034-c4-outer\">\n            <div data-colibri-id=\"1034-c4\" class=\"d-flex h-flex-basis h-column__inner h-px-lg-2 h-px-md-2 h-px-2 v-inner-lg-2 v-inner-md-2 v-inner-2 style-576 style-local-1034-c4 position-relative\">\n              <!---->\n              <!---->\n              <div class=\"w-100 h-y-container h-column__content h-column__v-align flex-basis-100 align-self-lg-start align-self-md-start align-self-start\">\n                <!---->\n                <div data-colibri-id=\"1034-c5\" class=\"h-global-transition-all h-heading style-577 style-local-1034-c5 position-relative h-element\">\n                  <!---->\n                  <div class=\"h-heading__outer style-577 style-local-1034-c5\">\n                    <!---->\n                    <!---->\n                    <h1 class=\"\">WEBINAR MORSE WATCHMANS &#8211; IMSEC<\/h1>\n                  <\/div>\n                <\/div>\n              <\/div>\n            <\/div>\n          <\/div>\n        <\/div>\n      <\/div>\n      <div data-colibri-id=\"1034-c6\" class=\"h-row-container gutters-row-lg-2 gutters-row-md-2 gutters-row-0 gutters-row-v-lg-2 gutters-row-v-md-2 gutters-row-v-2 style-570 style-local-1034-c6 position-relative\">\n        <!---->\n        <div class=\"h-row justify-content-lg-center justify-content-md-center justify-content-center align-items-lg-stretch align-items-md-stretch align-items-stretch gutters-col-lg-2 gutters-col-md-2 gutters-col-0 gutters-col-v-lg-2 gutters-col-v-md-2 gutters-col-v-2\">\n          <!---->\n          <div class=\"h-column h-column-container d-flex h-col-lg-auto h-col-md-auto h-col-auto style-571-outer style-local-1034-c7-outer\">\n            <div data-colibri-id=\"1034-c7\" class=\"d-flex h-flex-basis h-column__inner h-px-lg-2 h-px-md-2 h-px-2 v-inner-lg-2 v-inner-md-2 v-inner-2 style-571 style-local-1034-c7 position-relative\">\n              <!---->\n              <!---->\n              <div class=\"w-100 h-y-container h-column__content h-column__v-align flex-basis-100 align-self-lg-start align-self-md-start align-self-start\">\n                <!---->\n                <div data-colibri-id=\"1034-c8\" class=\"h-global-transition-all h-heading style-579 style-local-1034-c8 position-relative h-element\">\n                  <!---->\n                  <div class=\"h-heading__outer style-579 style-local-1034-c8\">\n                    <!---->\n                    <!---->\n                    <h3 class=\"\">INVITATION A NOUS REJOINDRE AU WEBINAR<\/h3>\n                  <\/div>\n                <\/div>\n                <div data-colibri-id=\"1034-c9\" class=\"h-text h-text-component style-578 style-local-1034-c9 position-relative h-element\">\n                  <!---->\n                  <!---->\n                  <div class=\"\">\n                    <p><span style=\"font-family: &quot;Century Gothic&quot;, sans-serif; color: rgb(0, 32, 9);\"><span class=\"ql-cursor\">\ufeff<\/span><\/span>\n                    <\/p>\n                    <p><span style=\"font-family: &quot;Century Gothic&quot;, sans-serif; color: rgb(0, 32, 9);\">Madame, Monsieur,<\/span><\/p>\n                    <p><span style=\"font-family: &quot;Century Gothic&quot;, sans-serif; color: rgb(0, 32, 96);\">Voici une excellente opportunit\u00e9 de visiter notre Exposition Virtuelle, guid\u00e9e par Morse Watchmans, le<\/span><\/p>\n                    <p> <strong style=\"font-size: 12pt; font-family: &quot;Century Gothic&quot;, sans-serif; color: red;\"> <\/strong><\/p>\n                  <\/div>\n                <\/div>\n                <div data-colibri-id=\"1034-c10\" class=\"h-global-transition-all h-heading style-592 style-local-1034-c10 position-relative h-element\">\n                  <!---->\n                  <div class=\"h-heading__outer style-592 style-local-1034-c10\">\n                    <!---->\n                    <!---->\n                    <h3 class=\"\">18 Novembre 2020, DE 14:00 \u00c0 14: 45<\/h3>\n                  <\/div>\n                <\/div>\n                <div data-colibri-id=\"1034-c11\" class=\"h-x-container style-582 style-local-1034-c11 position-relative h-element\">\n                  <!---->\n                  <div class=\"h-x-container-inner style-dynamic-1034-c11-group style-582-spacing style-local-1034-c11-spacing\"><span class=\"h-link__outer style-583-outer style-local-1034-c12-outer d-inline-flex h-element\"><a h-use-smooth-scroll=\"true\" href=\" https:\/\/register.gotowebinar.com\/register\/925017342517859599 \"  data-colibri-id=\"1034-c12\" class=\"d-flex w-100 align-items-center h-link style-583 style-local-1034-c12 position-relative\"><!----><span  class=\"h-svg-icon h-link__icon style-583-icon style-local-1034-c12-icon\"><!--Icon by Font Awesome (https:\/\/fontawesome.com)--><svg version=\"1.1\" xmlns=\"http:\/\/www.w3.org\/2000\/svg\" xmlns:xlink=\"http:\/\/www.w3.org\/1999\/xlink\" id=\"play\" viewBox=\"0 0 1408 1896.0833\"><path d=\"M1384 927L56 1665q-23 13-39.5 3T0 1632V160q0-26 16.5-36t39.5 3l1328 738q23 13 23 31t-23 31z\"><\/path><\/svg><\/span>                    <span>Go To Webinar &#8211; Inscription <\/span><\/a>\n                    <\/span>\n                  <\/div>\n                <\/div>\n              <\/div>\n            <\/div>\n          <\/div>\n        <\/div>\n      <\/div>\n      <div data-colibri-id=\"1034-c13\" class=\"h-row-container gutters-row-lg-2 gutters-row-md-2 gutters-row-0 gutters-row-v-lg-2 gutters-row-v-md-2 gutters-row-v-2 style-589 style-local-1034-c13 position-relative\">\n        <!---->\n        <div class=\"h-row justify-content-lg-center justify-content-md-center justify-content-center align-items-lg-stretch align-items-md-stretch align-items-stretch gutters-col-lg-2 gutters-col-md-2 gutters-col-0 gutters-col-v-lg-2 gutters-col-v-md-2 gutters-col-v-2\">\n          <!---->\n          <div class=\"h-column h-column-container d-flex h-col-lg-auto h-col-md-auto h-col-auto style-590-outer style-local-1034-c14-outer\">\n            <div data-colibri-id=\"1034-c14\" class=\"d-flex h-flex-basis h-column__inner h-px-lg-2 h-px-md-2 h-px-2 v-inner-lg-2 v-inner-md-2 v-inner-2 style-590 style-local-1034-c14 position-relative\">\n              <!---->\n              <!---->\n              <div class=\"w-100 h-y-container h-column__content h-column__v-align flex-basis-100 align-self-lg-center align-self-md-center align-self-center\">\n                <!---->\n                <div data-colibri-id=\"1034-c15\" class=\"d-block style-573 style-local-1034-c15 position-relative h-element\">\n                  <!---->\n                  <div class=\"h-image__frame-container-outer\">\n                    <div class=\"h-image__frame-container\">\n                      <!---->\n                      <!---->\n                      <img loading=\"lazy\" decoding=\"async\" width=\"505\" height=\"208\" src=\"https:\/\/www.imsec-swiss.ch\/wp-content\/uploads\/2020\/09\/cropped-Photo-Keywatcher.jpg\" class=\"wp-image-1042 style-573-image style-local-1034-c15-image\" alt=\"\" srcset=\"https:\/\/www.imsec-swiss.ch\/wp-content\/uploads\/2020\/09\/cropped-Photo-Keywatcher.jpg 505w, https:\/\/www.imsec-swiss.ch\/wp-content\/uploads\/2020\/09\/cropped-Photo-Keywatcher-300x124.jpg 300w\" sizes=\"auto, (max-width: 505px) 100vw, 505px\" \/>\n                      <div class=\"h-image__frame h-hide-lg h-hide-md h-hide-sm style-573-frameImage style-local-1034-c15-frameImage\"><\/div>\n                    <\/div>\n                  <\/div>\n                <\/div>\n              <\/div>\n            <\/div>\n          <\/div>\n        <\/div>\n      <\/div>\n      <div data-colibri-id=\"1034-c16\" class=\"h-row-container gutters-row-lg-2 gutters-row-md-2 gutters-row-0 gutters-row-v-lg-2 gutters-row-v-md-2 gutters-row-v-2 style-584 style-local-1034-c16 position-relative\">\n        <!---->\n        <div class=\"h-row justify-content-lg-center justify-content-md-center justify-content-center align-items-lg-stretch align-items-md-stretch align-items-stretch gutters-col-lg-2 gutters-col-md-2 gutters-col-0 gutters-col-v-lg-2 gutters-col-v-md-2 gutters-col-v-2\">\n          <!---->\n          <div class=\"h-column h-column-container d-flex h-col-lg-12 h-col-md-12 h-col-12 style-585-outer style-local-1034-c17-outer\">\n            <div data-colibri-id=\"1034-c17\" class=\"d-flex h-flex-basis h-column__inner h-px-lg-2 h-px-md-2 h-px-2 v-inner-lg-2 v-inner-md-2 v-inner-2 style-585 style-local-1034-c17 position-relative\">\n              <!---->\n              <!---->\n              <div class=\"w-100 h-y-container h-column__content h-column__v-align flex-basis-100 align-self-lg-start align-self-md-start align-self-start\">\n                <!---->\n                <div data-colibri-id=\"1034-c18\" class=\"h-text h-text-component style-580 style-local-1034-c18 position-relative h-element\">\n                  <!---->\n                  <!---->\n                  <div class=\"\">\n                    <p><span style=\"font-family: &quot;Century Gothic&quot;, sans-serif; color: rgb(0, 32, 96);\">Nous nous r\u00e9jouissons d\u00e9j\u00e0 de vous compter parmi les participants. Le nombre de participants est limit\u00e9. <\/span><\/p>\n                    <p><span style=\"font-family: &quot;Century Gothic&quot;, sans-serif; color: rgb(0, 32, 96);\">Nos sites respectifs :<\/span><\/p>\n                  <\/div>\n                <\/div>\n              <\/div>\n            <\/div>\n          <\/div>\n        <\/div>\n      <\/div>\n      <div data-colibri-id=\"1034-c19\" class=\"h-row-container gutters-row-lg-2 gutters-row-md-2 gutters-row-0 gutters-row-v-lg-2 gutters-row-v-md-2 gutters-row-v-2 style-586 style-local-1034-c19 position-relative\">\n        <!---->\n        <div class=\"h-row justify-content-lg-center justify-content-md-center justify-content-center align-items-lg-stretch align-items-md-stretch align-items-stretch gutters-col-lg-2 gutters-col-md-2 gutters-col-0 gutters-col-v-lg-2 gutters-col-v-md-2 gutters-col-v-2\">\n          <!---->\n          <div class=\"h-column h-column-container d-flex h-col-lg-auto h-col-md-auto h-col-auto style-587-outer style-local-1034-c20-outer\">\n            <div data-colibri-id=\"1034-c20\" class=\"d-flex h-flex-basis h-column__inner h-px-lg-2 h-px-md-2 h-px-2 v-inner-lg-2 v-inner-md-2 v-inner-2 style-587 style-local-1034-c20 position-relative\">\n              <!---->\n              <!---->\n              <div class=\"w-100 h-y-container h-column__content h-column__v-align flex-basis-100 align-self-lg-start align-self-md-start align-self-start\">\n                <!---->\n                <div data-colibri-id=\"1034-c21\" class=\"h-text h-text-component style-588 style-local-1034-c21 position-relative h-element\">\n                  <!---->\n                  <!---->\n                  <div class=\"\">\n                    <p><span style=\"color: rgb(0, 32, 96); font-family: &quot;Century Gothic&quot;, sans-serif;\">Morse Watchmans<\/span><\/p>\n                    <p><span style=\"color: rgb(0, 32, 96); font-family: &quot;Century Gothic&quot;, sans-serif;\">Gehrer AG<\/span><\/p>\n                    <p><span style=\"color: rgb(0, 32, 96); font-family: &quot;Century Gothic&quot;, sans-serif;\">Imsec-Swiss<\/span><\/p>\n                    <p><span style=\"color: rgb(0, 32, 96); font-family: &quot;Century Gothic&quot;, sans-serif;\">Sont bien \u00e9videmment toujours \u00e0 votre disposition<\/span><\/p>\n                  <\/div>\n                <\/div>\n              <\/div>\n            <\/div>\n          <\/div>\n        <\/div>\n      <\/div>\n    <\/div>\n  <\/div>\n<\/div>","protected":false},"excerpt":{"rendered":"<p>WEBINAR MORSE WATCHMANS &#8211; IMSEC INVITATION A NOUS REJOINDRE AU WEBINAR \ufeff Madame, Monsieur, Voici une excellente opportunit\u00e9 de visiter notre Exposition Virtuelle, guid\u00e9e par Morse Watchmans, le 18 Novembre 2020, DE 14:00 \u00c0 14: 45 Go To Webinar &#8211; Inscription Nous nous r\u00e9jouissons d\u00e9j\u00e0 de vous compter parmi les participants. Le nombre de participants [&hellip;]<\/p>\n","protected":false},"author":2,"featured_media":0,"parent":0,"menu_order":0,"comment_status":"closed","ping_status":"closed","template":"page-templates\/full-width-page.php","meta":{"footnotes":""},"class_list":["post-1034","page","type-page","status-publish","hentry"],"_links":{"self":[{"href":"https:\/\/www.imsec-swiss.ch\/index.php?rest_route=\/wp\/v2\/pages\/1034","targetHints":{"allow":["GET"]}}],"collection":[{"href":"https:\/\/www.imsec-swiss.ch\/index.php?rest_route=\/wp\/v2\/pages"}],"about":[{"href":"https:\/\/www.imsec-swiss.ch\/index.php?rest_route=\/wp\/v2\/types\/page"}],"author":[{"embeddable":true,"href":"https:\/\/www.imsec-swiss.ch\/index.php?rest_route=\/wp\/v2\/users\/2"}],"replies":[{"embeddable":true,"href":"https:\/\/www.imsec-swiss.ch\/index.php?rest_route=%2Fwp%2Fv2%2Fcomments&post=1034"}],"version-history":[{"count":21,"href":"https:\/\/www.imsec-swiss.ch\/index.php?rest_route=\/wp\/v2\/pages\/1034\/revisions"}],"predecessor-version":[{"id":2573,"href":"https:\/\/www.imsec-swiss.ch\/index.php?rest_route=\/wp\/v2\/pages\/1034\/revisions\/2573"}],"wp:attachment":[{"href":"https:\/\/www.imsec-swiss.ch\/index.php?rest_route=%2Fwp%2Fv2%2Fmedia&parent=1034"}],"curies":[{"name":"wp","href":"https:\/\/api.w.org\/{rel}","templated":true}]}}